{"id":939,"date":"2025-06-30T23:30:14","date_gmt":"2025-06-30T23:30:14","guid":{"rendered":"https:\/\/plantillapro.com\/?post_type=product&#038;p=939"},"modified":"2025-07-02T00:43:49","modified_gmt":"2025-07-02T00:43:49","slug":"reto-visual-de-ahorro-8-000-000-llenos-de-frases-lindas-y-progreso-real","status":"publish","type":"product","link":"https:\/\/plantillapro.com\/index.php\/product\/reto-visual-de-ahorro-8-000-000-llenos-de-frases-lindas-y-progreso-real\/","title":{"rendered":"Reto Visual de Ahorro: $8.000.000 llenos de frases lindas y progreso real"},"content":{"rendered":"<p>[et_pb_section fb_built=\u00bb1&#8243; _builder_version=\u00bb4.16&#8243; min_height=\u00bb743.7px\u00bb custom_padding=\u00bb0px||0px||false|false\u00bb global_colors_info=\u00bb{}\u00bb][et_pb_row _builder_version=\u00bb4.16&#8243; background_size=\u00bbinitial\u00bb background_position=\u00bbtop_left\u00bb background_repeat=\u00bbrepeat\u00bb width=\u00bb100%\u00bb custom_padding=\u00bb0px||0px||false|false\u00bb global_colors_info=\u00bb{}\u00bb][et_pb_column type=\u00bb4_4&#8243; _builder_version=\u00bb4.16&#8243; custom_padding=\u00bb|||\u00bb global_colors_info=\u00bb{}\u00bb custom_padding__hover=\u00bb|||\u00bb][et_pb_wc_breadcrumb _builder_version=\u00bb4.16&#8243; global_colors_info=\u00bb{}\u00bb][\/et_pb_wc_breadcrumb][et_pb_wc_cart_notice _builder_version=\u00bb4.24.0&#8243; title_font=\u00bbSpace Grotesk||||||||\u00bb title_font_size=\u00bb16px\u00bb error_font=\u00bbSpace Grotesk||||||||\u00bb content_font=\u00bbSpace Grotesk||||||||\u00bb background_color=\u00bb#61678B\u00bb custom_button=\u00bbon\u00bb button_text_size=\u00bb16px\u00bb button_text_color=\u00bb#000000&#8243; button_font=\u00bbSpace Grotesk|||on|||||\u00bb global_colors_info=\u00bb{}\u00bb][\/et_pb_wc_cart_notice][\/et_pb_column][\/et_pb_row][et_pb_row column_structure=\u00bb1_2,1_2&#8243; _builder_version=\u00bb4.16&#8243; background_size=\u00bbinitial\u00bb background_position=\u00bbtop_left\u00bb background_repeat=\u00bbrepeat\u00bb width=\u00bb100%\u00bb custom_margin=\u00bb|auto|12px|auto||\u00bb custom_padding=\u00bb0px||0px||false|false\u00bb global_colors_info=\u00bb{}\u00bb][et_pb_column type=\u00bb1_2&#8243; _builder_version=\u00bb4.16&#8243; custom_padding=\u00bb|||\u00bb global_colors_info=\u00bb{}\u00bb custom_padding__hover=\u00bb|||\u00bb][et_pb_wc_images sale_badge_color=\u00bbgcid-1b4a3854-7b44-49f6-922e-e1ac36476373&#8243; _builder_version=\u00bb4.24.0&#8243; sale_badge_font=\u00bbSpace Grotesk|700|||||||\u00bb sale_badge_letter_spacing=\u00bb1px\u00bb border_radii_image=\u00bbon|15px|15px|15px|15px\u00bb border_radii_sale_badge=\u00bbon|15px|15px|15px|15px\u00bb border_radii_sale_badge_tablet=\u00bbon|15px|15px|15px|15px\u00bb border_radii_sale_badge_phone=\u00bbon|20px|20px|20px|20px\u00bb border_radii_sale_badge_last_edited=\u00bbon|phone\u00bb global_colors_info=\u00bb{%22gcid-1b4a3854-7b44-49f6-922e-e1ac36476373%22:%91%22sale_badge_color%22%93}\u00bb][\/et_pb_wc_images][\/et_pb_column][et_pb_column type=\u00bb1_2&#8243; _builder_version=\u00bb4.16&#8243; custom_padding=\u00bb|||\u00bb global_colors_info=\u00bb{}\u00bb custom_padding__hover=\u00bb|||\u00bb][et_pb_wc_title _builder_version=\u00bb4.24.0&#8243; header_font=\u00bbSpace Grotesk||||||||\u00bb header_font_size=\u00bb26px\u00bb header_letter_spacing=\u00bb1px\u00bb custom_padding=\u00bb||27px|||\u00bb header_font_size_tablet=\u00bb26px\u00bb header_font_size_phone=\u00bb21px\u00bb header_font_size_last_edited=\u00bbon|phone\u00bb global_colors_info=\u00bb{}\u00bb][\/et_pb_wc_title][et_pb_wc_price _builder_version=\u00bb4.24.0&#8243; sale_price_font=\u00bbSpace Grotesk|700|||||||\u00bb sale_price_text_color=\u00bb#61678B\u00bb min_height=\u00bb33.3px\u00bb custom_margin=\u00bb-8px|||||\u00bb global_colors_info=\u00bb{}\u00bb][\/et_pb_wc_price][et_pb_wc_description _builder_version=\u00bb4.24.0&#8243; body_font=\u00bbSpace Grotesk|300|||||||\u00bb min_height=\u00bb140px\u00bb custom_margin=\u00bb18px||||false|false\u00bb custom_padding=\u00bb0px|||||\u00bb global_colors_info=\u00bb{}\u00bb][\/et_pb_wc_description][et_pb_text _builder_version=\u00bb4.24.0&#8243; _module_preset=\u00bbdefault\u00bb text_font=\u00bbSpace Grotesk||||||||\u00bb background_color=\u00bbrgba(97,103,139,0.17)\u00bb custom_margin=\u00bb17px||17px||true|false\u00bb custom_padding=\u00bb10px|8px|10px|8px|true|true\u00bb border_radii=\u00bbon|20px|20px|20px|20px\u00bb global_colors_info=\u00bb{}\u00bb]<\/p>\n<p>\ud83c\udf1f <strong data-start=\"132\" data-end=\"170\">Ahorra de forma visual y divertida<\/strong><\/p>\n<p>\ud83d\udcda <strong data-start=\"439\" data-end=\"505\">Regalo exclusivo: Los 10 mejores libros de finanzas personales en PDF<\/strong><\/p>\n<p>\u26a1 <strong data-start=\"596\" data-end=\"651\">Descarga inmediata + plantilla imprimible de regalo<\/strong><\/p>\n<p>[\/et_pb_text][et_pb_wc_add_to_cart _builder_version=\u00bb4.24.0&#8243; fields_background_color=\u00bb#61678B\u00bb fields_text_color=\u00bb#FFFFFF\u00bb fields_focus_background_color=\u00bb#000000&#8243; dropdown_menus_background_color=\u00bb#FFFFFF\u00bb fields_font=\u00bbSpace Grotesk|700|||||||\u00bb fields_text_align=\u00bbleft\u00bb fields_font_size=\u00bb13px\u00bb background_enable_color=\u00bboff\u00bb custom_button=\u00bbon\u00bb button_text_size=\u00bb13px\u00bb button_text_color=\u00bb#000000&#8243; button_bg_color=\u00bbgcid-095f3017-670a-4d45-bbf8-520034f23a92&#8243; button_border_width=\u00bb0px\u00bb button_border_radius=\u00bb62px\u00bb button_letter_spacing=\u00bb2px\u00bb button_font=\u00bbSpace Grotesk|600||on|||||\u00bb button_custom_padding=\u00bb15px|35px|15px|35px|true|true\u00bb width=\u00bb100%\u00bb custom_margin=\u00bb9px||43px|||\u00bb border_radii_fields=\u00bbon|15px|15px|15px|15px\u00bb box_shadow_style_fields=\u00bbpreset1&#8243; global_colors_info=\u00bb{%22gcid-095f3017-670a-4d45-bbf8-520034f23a92%22:%91%22background_color%22,%22button_bg_color%22%93}\u00bb][\/et_pb_wc_add_to_cart][et_pb_wc_meta _builder_version=\u00bb4.23.1&#8243; body_font=\u00bbSpace Grotesk||||||||\u00bb body_text_color=\u00bb#053f5c\u00bb global_colors_info=\u00bb{}\u00bb][\/et_pb_wc_meta][\/et_pb_column][\/et_pb_row][\/et_pb_section][et_pb_section fb_built=\u00bb1&#8243; admin_label=\u00bbServices\u00bb _builder_version=\u00bb4.24.0&#8243; _module_preset=\u00bbdefault\u00bb custom_margin=\u00bb|0px||0px|false|true\u00bb custom_padding=\u00bb0px|0px|89px|0px|false|true\u00bb bottom_divider_style=\u00bbarrow2&#8243; bottom_divider_color=\u00bb#61678B\u00bb collapsed=\u00bbon\u00bb global_colors_info=\u00bb{}\u00bb][et_pb_row _builder_version=\u00bb4.24.0&#8243; _module_preset=\u00bbdefault\u00bb width=\u00bb100%\u00bb custom_padding=\u00bb51px|||||\u00bb global_colors_info=\u00bb{}\u00bb][et_pb_column type=\u00bb4_4&#8243; _builder_version=\u00bb4.20.0&#8243; _module_preset=\u00bbdefault\u00bb global_colors_info=\u00bb{}\u00bb][et_pb_video src=\u00bbhttps:\/\/www.youtube.com\/watch?v=2E2Yk7FS858&#8243; _builder_version=\u00bb4.24.0&#8243; _module_preset=\u00bbdefault\u00bb hover_enabled=\u00bb0&#8243; sticky_enabled=\u00bb0&#8243;][\/et_pb_video][et_pb_text _builder_version=\u00bb4.24.0&#8243; _module_preset=\u00bbdefault\u00bb text_font=\u00bbSpace Grotesk|300|||||||\u00bb text_font_size=\u00bb16px\u00bb custom_margin=\u00bb0px||||false|false\u00bb custom_padding=\u00bb30px||||false|false\u00bb global_colors_info=\u00bb{}\u00bb]<\/p>\n<p data-start=\"141\" data-end=\"486\" style=\"text-align: center;\"><span style=\"color: #61678b;\"><strong>Yo tambi\u00e9n pensaba que ahorrar era dif\u00edcil&#8230; <\/strong><\/span>hasta que convert\u00ed mi meta en un juego visual.<br data-start=\"237\" data-end=\"240\" \/>Este reto me ayud\u00f3 a mantenerme constante, motivada y feliz de ver cada avance.<br data-start=\"319\" data-end=\"322\" \/>No necesitas hacerlo perfecto, solo empezar. Hoy puede ser ese gran d\u00eda en el que decides que s\u00ed puedes lograrlo.<br data-start=\"435\" data-end=\"438\" \/><span style=\"color: #61678b;\"><strong>\u00bfTe animas a ahorrar conmigo los $8.000.000? \ud83d\udc96\u2728<\/strong><\/span><\/p>\n<p>[\/et_pb_text][\/et_pb_column][\/et_pb_row][et_pb_row column_structure=\u00bb1_2,1_2&#8243; _builder_version=\u00bb4.24.0&#8243; _module_preset=\u00bbdefault\u00bb width=\u00bb100%\u00bb global_colors_info=\u00bb{}\u00bb][et_pb_column type=\u00bb1_2&#8243; _builder_version=\u00bb4.20.0&#8243; _module_preset=\u00bbdefault\u00bb global_colors_info=\u00bb{}\u00bb][et_pb_blurb title=\u00bbControl total de tu avance\u00bb use_icon=\u00bbon\u00bb font_icon=\u00bb&#xf058;||fa||900&#8243; icon_color=\u00bb#61678B\u00bb _builder_version=\u00bb4.24.0&#8243; _module_preset=\u00bbd92fed62-cf88-45cf-9e70-d3f05256c9f6&#8243; locked=\u00bboff\u00bb global_colors_info=\u00bb{}\u00bb]<\/p>\n<p>Descubre en segundos cu\u00e1nto llevas ahorrado, tu porcentaje de progreso y lo cerca que est\u00e1s de tu meta.<\/p>\n<p>[\/et_pb_blurb][et_pb_blurb title=\u00bbRegalo exclusivo: Los 10 mejores libros de finanzas personales\u00bb use_icon=\u00bbon\u00bb font_icon=\u00bb&#xf058;||fa||900&#8243; icon_color=\u00bb#61678B\u00bb _builder_version=\u00bb4.24.0&#8243; _module_preset=\u00bbd92fed62-cf88-45cf-9e70-d3f05256c9f6&#8243; locked=\u00bboff\u00bb global_colors_info=\u00bb{}\u00bb]<\/p>\n<p>Accede a la selecci\u00f3n definitiva para mejorar tu relaci\u00f3n con el dinero y alcanzar libertad financiera.<\/p>\n<p>[\/et_pb_blurb][et_pb_blurb title=\u00bbIncluye plantilla imprimible con dise\u00f1o hermoso\u00bb use_icon=\u00bbon\u00bb font_icon=\u00bb&#xf058;||fa||900&#8243; icon_color=\u00bb#61678B\u00bb _builder_version=\u00bb4.24.0&#8243; _module_preset=\u00bbd92fed62-cf88-45cf-9e70-d3f05256c9f6&#8243; locked=\u00bboff\u00bb global_colors_info=\u00bb{}\u00bb]<\/p>\n<p>Ll\u00e9vate una versi\u00f3n lista para imprimir con estilo encantador, perfecta para decorar y mantenerte motivado.<\/p>\n<p>[\/et_pb_blurb][et_pb_blurb title=\u00bb Ahorra de forma divertida y visual\u00bb use_icon=\u00bbon\u00bb font_icon=\u00bb&#xf058;||fa||900&#8243; icon_color=\u00bb#61678B\u00bb _builder_version=\u00bb4.24.0&#8243; _module_preset=\u00bbd92fed62-cf88-45cf-9e70-d3f05256c9f6&#8243; locked=\u00bboff\u00bb global_colors_info=\u00bb{}\u00bb]<\/p>\n<p>Convierte tu ahorro en una experiencia linda y motivadora.<\/p>\n<p>[\/et_pb_blurb][et_pb_blurb title=\u00bbIndicadores autom\u00e1ticos y f\u00e1ciles de entender\u00bb use_icon=\u00bbon\u00bb font_icon=\u00bb&#xf058;||fa||900&#8243; icon_color=\u00bb#61678B\u00bb _builder_version=\u00bb4.24.0&#8243; _module_preset=\u00bbd92fed62-cf88-45cf-9e70-d3f05256c9f6&#8243; locked=\u00bboff\u00bb global_colors_info=\u00bb{}\u00bb]<\/p>\n<p>Visualiza tu porcentaje de avance, cu\u00e1nto te falta, cu\u00e1nto llevas ahorrado y si est\u00e1s en buen ritmo con solo mirar el panel.<\/p>\n<p>[\/et_pb_blurb][\/et_pb_column][et_pb_column type=\u00bb1_2&#8243; _builder_version=\u00bb4.20.0&#8243; _module_preset=\u00bbdefault\u00bb global_colors_info=\u00bb{}\u00bb][et_pb_blurb title=\u00bbReto de ahorro dise\u00f1ado para enamorar\u00bb use_icon=\u00bbon\u00bb font_icon=\u00bb&#xf058;||fa||900&#8243; icon_color=\u00bb#61678B\u00bb _builder_version=\u00bb4.24.0&#8243; _module_preset=\u00bbd92fed62-cf88-45cf-9e70-d3f05256c9f6&#8243; locked=\u00bboff\u00bb global_colors_info=\u00bb{}\u00bb]<\/p>\n<p>Cada parte de la plantilla est\u00e1 pensada para que disfrutes el proceso, te motives visualmente y sientas orgullo al ver tu avance.<\/p>\n<p>[\/et_pb_blurb][et_pb_blurb title=\u00bbMetodolog\u00eda accesible y flexible\u00bb use_icon=\u00bbon\u00bb font_icon=\u00bb&#xf058;||fa||900&#8243; icon_color=\u00bb#61678B\u00bb _builder_version=\u00bb4.24.0&#8243; _module_preset=\u00bbd92fed62-cf88-45cf-9e70-d3f05256c9f6&#8243; locked=\u00bboff\u00bb global_colors_info=\u00bb{}\u00bb]<\/p>\n<p>No importa cu\u00e1nto ganes, este reto est\u00e1 dividido en montos c\u00f3modos y progresivos para que cualquier persona pueda cumplirlo.<\/p>\n<p>[\/et_pb_blurb][et_pb_blurb title=\u00bbCerditos que cambian con tu progreso\u00bb use_icon=\u00bbon\u00bb font_icon=\u00bb&#xf058;||fa||900&#8243; icon_color=\u00bb#61678B\u00bb _builder_version=\u00bb4.24.0&#8243; _module_preset=\u00bbd92fed62-cf88-45cf-9e70-d3f05256c9f6&#8243; locked=\u00bboff\u00bb global_colors_info=\u00bb{}\u00bb]<\/p>\n<p>A medida que ahorras, tu cerdito evoluciona con expresiones divertidas y elementos visuales que celebran cada logro.<\/p>\n<p>[\/et_pb_blurb][et_pb_blurb title=\u00bbFrases motivacionales aleatorias\u00bb use_icon=\u00bbon\u00bb font_icon=\u00bb&#xf058;||fa||900&#8243; icon_color=\u00bb#61678B\u00bb _builder_version=\u00bb4.24.0&#8243; _module_preset=\u00bbd92fed62-cf88-45cf-9e70-d3f05256c9f6&#8243; locked=\u00bboff\u00bb global_colors_info=\u00bb{}\u00bb]<\/p>\n<p>Recibe un empuj\u00f3n emocional en el momento justo con mensajes que te inspiran cada vez que avanzas en tu ahorro.<\/p>\n<p>[\/et_pb_blurb][\/et_pb_column][\/et_pb_row][et_pb_row _builder_version=\u00bb4.24.0&#8243; _module_preset=\u00bbdefault\u00bb global_colors_info=\u00bb{}\u00bb][et_pb_column type=\u00bb4_4&#8243; _builder_version=\u00bb4.24.0&#8243; _module_preset=\u00bbdefault\u00bb global_colors_info=\u00bb{}\u00bb][et_pb_wc_add_to_cart show_quantity=\u00bboff\u00bb disabled_on=\u00bboff|off|off\u00bb _builder_version=\u00bb4.24.0&#8243; fields_background_color=\u00bb#61678B\u00bb fields_text_color=\u00bb#FFFFFF\u00bb fields_focus_background_color=\u00bb#000000&#8243; fields_custom_margin=\u00bb0px|0px|0px|0px|true|true\u00bb fields_custom_padding=\u00bb0px|0px|0px|0px|true|true\u00bb dropdown_menus_background_color=\u00bb#FFFFFF\u00bb field_label_text_align=\u00bbcenter\u00bb fields_font=\u00bbSpace Grotesk|700|||||||\u00bb fields_text_align=\u00bbleft\u00bb fields_font_size=\u00bb14px\u00bb background_enable_color=\u00bboff\u00bb custom_button=\u00bbon\u00bb button_text_size=\u00bb13px\u00bb button_text_color=\u00bb#000000&#8243; button_bg_color=\u00bbgcid-095f3017-670a-4d45-bbf8-520034f23a92&#8243; button_border_width=\u00bb0px\u00bb button_border_radius=\u00bb62px\u00bb button_letter_spacing=\u00bb2px\u00bb button_font=\u00bbSpace Grotesk|600||on|||||\u00bb button_icon_placement=\u00bbleft\u00bb button_custom_padding=\u00bb15px|35px|15px|35px|true|true\u00bb text_orientation=\u00bbcenter\u00bb width=\u00bb100%\u00bb module_alignment=\u00bbcenter\u00bb custom_margin=\u00bb0px|0px|0px|0px|true|true\u00bb custom_padding=\u00bb0px|0px|0px|0px|true|true\u00bb border_radii_fields=\u00bbon|15px|15px|15px|15px\u00bb box_shadow_style_fields=\u00bbpreset1&#8243; global_colors_info=\u00bb{%22gcid-095f3017-670a-4d45-bbf8-520034f23a92%22:%91%22background_color%22,%22button_bg_color%22%93}\u00bb][\/et_pb_wc_add_to_cart][\/et_pb_column][\/et_pb_row][\/et_pb_section]<\/p>\n","protected":false},"excerpt":{"rendered":"<p>\ud83d\udc96 <strong data-start=\"131\" data-end=\"200\">La plantilla m\u00e1s linda y efectiva para alcanzar tu meta de ahorro<\/strong><br data-start=\"200\" data-end=\"203\" \/>Convi\u00e9rtete en tu mejor versi\u00f3n financiera de forma divertida, visual y organizada. Ahorra $8.000.000 sin sentirte abrumado, con ayuda de cerditos motivadores, frases que inspiran y herramientas que realmente funcionan. \u00a1Empieza hoy y enam\u00f3rate de tu progreso!<\/p>\n","protected":false},"featured_media":932,"comment_status":"open","ping_status":"closed","template":"","meta":{"_et_pb_use_builder":"on","_et_pb_old_content":"","_et_gb_content_width":""},"product_brand":[],"product_cat":[26,27],"product_tag":[24,25],"class_list":{"0":"post-939","1":"product","2":"type-product","3":"status-publish","4":"has-post-thumbnail","6":"product_cat-finanzas-personales","7":"product_cat-productividad","8":"product_tag-plantillas","9":"product_tag-productividad","11":"first","12":"instock","13":"sale","14":"downloadable","15":"purchasable","16":"product-type-simple"},"_links":{"self":[{"href":"https:\/\/plantillapro.com\/index.php\/wp-json\/wp\/v2\/product\/939","targetHints":{"allow":["GET"]}}],"collection":[{"href":"https:\/\/plantillapro.com\/index.php\/wp-json\/wp\/v2\/product"}],"about":[{"href":"https:\/\/plantillapro.com\/index.php\/wp-json\/wp\/v2\/types\/product"}],"replies":[{"embeddable":true,"href":"https:\/\/plantillapro.com\/index.php\/wp-json\/wp\/v2\/comments?post=939"}],"wp:featuredmedia":[{"embeddable":true,"href":"https:\/\/plantillapro.com\/index.php\/wp-json\/wp\/v2\/media\/932"}],"wp:attachment":[{"href":"https:\/\/plantillapro.com\/index.php\/wp-json\/wp\/v2\/media?parent=939"}],"wp:term":[{"taxonomy":"product_brand","embeddable":true,"href":"https:\/\/plantillapro.com\/index.php\/wp-json\/wp\/v2\/product_brand?post=939"},{"taxonomy":"product_cat","embeddable":true,"href":"https:\/\/plantillapro.com\/index.php\/wp-json\/wp\/v2\/product_cat?post=939"},{"taxonomy":"product_tag","embeddable":true,"href":"https:\/\/plantillapro.com\/index.php\/wp-json\/wp\/v2\/product_tag?post=939"}],"curies":[{"name":"wp","href":"https:\/\/api.w.org\/{rel}","templated":true}]}}