{"id":755,"date":"2024-10-28T23:14:19","date_gmt":"2024-10-28T23:14:19","guid":{"rendered":"https:\/\/plantillapro.com\/?post_type=product&#038;p=755"},"modified":"2024-10-29T00:32:22","modified_gmt":"2024-10-29T00:32:22","slug":"rastreador-de-actividad-fisica-y-perdida-de-peso","status":"publish","type":"product","link":"https:\/\/plantillapro.com\/index.php\/product\/rastreador-de-actividad-fisica-y-perdida-de-peso\/","title":{"rendered":"Rastreador de actividad f\u00edsica y p\u00e9rdida de peso"},"content":{"rendered":"<p>[et_pb_section fb_built=\u00bb1&#8243; _builder_version=\u00bb4.16&#8243; min_height=\u00bb743.7px\u00bb custom_padding=\u00bb0px||0px||false|false\u00bb global_colors_info=\u00bb{}\u00bb][et_pb_row _builder_version=\u00bb4.16&#8243; background_size=\u00bbinitial\u00bb background_position=\u00bbtop_left\u00bb background_repeat=\u00bbrepeat\u00bb width=\u00bb100%\u00bb custom_padding=\u00bb0px||0px||false|false\u00bb global_colors_info=\u00bb{}\u00bb][et_pb_column type=\u00bb4_4&#8243; _builder_version=\u00bb4.16&#8243; custom_padding=\u00bb|||\u00bb global_colors_info=\u00bb{}\u00bb custom_padding__hover=\u00bb|||\u00bb][et_pb_wc_breadcrumb _builder_version=\u00bb4.16&#8243; global_colors_info=\u00bb{}\u00bb][\/et_pb_wc_breadcrumb][et_pb_wc_cart_notice _builder_version=\u00bb4.23.1&#8243; title_font=\u00bbSpace Grotesk||||||||\u00bb title_font_size=\u00bb16px\u00bb error_font=\u00bbSpace Grotesk||||||||\u00bb content_font=\u00bbSpace Grotesk||||||||\u00bb background_color=\u00bb#053f5c\u00bb custom_button=\u00bbon\u00bb button_text_size=\u00bb16px\u00bb button_text_color=\u00bb#000000&#8243; button_font=\u00bbSpace Grotesk|||on|||||\u00bb global_colors_info=\u00bb{}\u00bb][\/et_pb_wc_cart_notice][\/et_pb_column][\/et_pb_row][et_pb_row column_structure=\u00bb1_2,1_2&#8243; _builder_version=\u00bb4.16&#8243; background_size=\u00bbinitial\u00bb background_position=\u00bbtop_left\u00bb background_repeat=\u00bbrepeat\u00bb width=\u00bb100%\u00bb custom_padding=\u00bb0px||0px||false|false\u00bb global_colors_info=\u00bb{}\u00bb][et_pb_column type=\u00bb1_2&#8243; _builder_version=\u00bb4.16&#8243; custom_padding=\u00bb|||\u00bb hover_enabled=\u00bb0&#8243; global_colors_info=\u00bb{}\u00bb custom_padding__hover=\u00bb|||\u00bb sticky_enabled=\u00bb0&#8243;][et_pb_wc_images _builder_version=\u00bb4.24.0&#8243; hover_enabled=\u00bb0&#8243; global_colors_info=\u00bb{%22gcid-1b4a3854-7b44-49f6-922e-e1ac36476373%22:%91%22sale_badge_color%22%93}\u00bb border_radii_image=\u00bbon|15px|15px|15px|15px\u00bb sticky_enabled=\u00bb0&#8243; sale_badge_color=\u00bbgcid-1b4a3854-7b44-49f6-922e-e1ac36476373&#8243; sale_badge_font=\u00bbSpace Grotesk|700|||||||\u00bb sale_badge_letter_spacing=\u00bb1px\u00bb][\/et_pb_wc_images][\/et_pb_column][et_pb_column type=\u00bb1_2&#8243; _builder_version=\u00bb4.16&#8243; custom_padding=\u00bb|||\u00bb hover_enabled=\u00bb0&#8243; global_colors_info=\u00bb{}\u00bb custom_padding__hover=\u00bb|||\u00bb sticky_enabled=\u00bb0&#8243;][et_pb_wc_title _builder_version=\u00bb4.23.1&#8243; header_font=\u00bbSpace Grotesk||||||||\u00bb header_letter_spacing=\u00bb1px\u00bb global_colors_info=\u00bb{}\u00bb][\/et_pb_wc_title][et_pb_wc_price _builder_version=\u00bb4.23.1&#8243; sale_price_font=\u00bbSpace Grotesk|700|||||||\u00bb sale_price_text_color=\u00bb#053f5c\u00bb global_colors_info=\u00bb{}\u00bb][\/et_pb_wc_price][et_pb_wc_description _builder_version=\u00bb4.16&#8243; global_colors_info=\u00bb{}\u00bb][\/et_pb_wc_description][et_pb_wc_add_to_cart _builder_version=\u00bb4.23.1&#8243; fields_background_color=\u00bb#000000&#8243; fields_text_color=\u00bb#FFFFFF\u00bb fields_focus_background_color=\u00bb#000000&#8243; dropdown_menus_background_color=\u00bb#FFFFFF\u00bb fields_font=\u00bbSpace Grotesk|700|||||||\u00bb fields_text_align=\u00bbleft\u00bb custom_button=\u00bbon\u00bb button_text_size=\u00bb16px\u00bb button_text_color=\u00bb#000000&#8243; button_bg_color=\u00bb#cbff00&#8243; button_border_width=\u00bb0px\u00bb button_border_radius=\u00bb62px\u00bb button_letter_spacing=\u00bb2px\u00bb button_font=\u00bbSpace Grotesk|600||on|||||\u00bb button_custom_padding=\u00bb15px|35px|15px|35px|true|true\u00bb hover_enabled=\u00bb0&#8243; border_radii_fields=\u00bbon|15px|15px|15px|15px\u00bb box_shadow_style_fields=\u00bbpreset1&#8243; global_colors_info=\u00bb{}\u00bb sticky_enabled=\u00bb0&#8243;][\/et_pb_wc_add_to_cart][et_pb_wc_meta _builder_version=\u00bb4.23.1&#8243; body_font=\u00bbSpace Grotesk||||||||\u00bb body_text_color=\u00bb#053f5c\u00bb global_colors_info=\u00bb{}\u00bb][\/et_pb_wc_meta][\/et_pb_column][\/et_pb_row][\/et_pb_section][et_pb_section fb_built=\u00bb1&#8243; admin_label=\u00bbServices\u00bb _builder_version=\u00bb4.24.0&#8243; _module_preset=\u00bbdefault\u00bb custom_padding=\u00bb0px||0px|||\u00bb collapsed=\u00bbon\u00bb global_colors_info=\u00bb{}\u00bb theme_builder_area=\u00bbpost_content\u00bb][et_pb_row _builder_version=\u00bb4.24.0&#8243; _module_preset=\u00bbdefault\u00bb hover_enabled=\u00bb0&#8243; global_colors_info=\u00bb{}\u00bb theme_builder_area=\u00bbpost_content\u00bb width=\u00bb100%\u00bb sticky_enabled=\u00bb0&#8243;][et_pb_column type=\u00bb4_4&#8243; _builder_version=\u00bb4.20.0&#8243; _module_preset=\u00bbdefault\u00bb global_colors_info=\u00bb{}\u00bb theme_builder_area=\u00bbpost_content\u00bb][et_pb_gallery gallery_ids=\u00bb743,744,745,746,747,748,749,750,751,752&#8243; gallery_orderby=\u00bbrand\u00bb fullwidth=\u00bbon\u00bb _builder_version=\u00bb4.24.0&#8243; _module_preset=\u00bbdefault\u00bb transform_scale_tablet=\u00bb\u00bb transform_scale_phone=\u00bb118%|118%\u00bb transform_scale_last_edited=\u00bbon|phone\u00bb transform_translate_tablet=\u00bb\u00bb transform_translate_phone=\u00bb\u00bb transform_translate_last_edited=\u00bbon|phone\u00bb transform_rotate_tablet=\u00bb\u00bb transform_rotate_phone=\u00bb\u00bb transform_rotate_last_edited=\u00bbon|phone\u00bb transform_skew_tablet=\u00bb\u00bb transform_skew_phone=\u00bb\u00bb transform_skew_last_edited=\u00bbon|phone\u00bb transform_origin_tablet=\u00bb\u00bb transform_origin_phone=\u00bb\u00bb transform_origin_last_edited=\u00bbon|phone\u00bb transform_styles_last_edited=\u00bbon|phone\u00bb hover_enabled=\u00bb0&#8243; transform_styles_tablet=\u00bb\u00bb transform_styles_phone=\u00bb\u00bb border_radii=\u00bbon|15px|15px|15px|15px\u00bb global_colors_info=\u00bb{}\u00bb theme_builder_area=\u00bbpost_content\u00bb sticky_enabled=\u00bb0&#8243; pagination_font=\u00bbSpace Grotesk||||||||\u00bb][\/et_pb_gallery][et_pb_text _builder_version=\u00bb4.24.0&#8243; _module_preset=\u00bbdefault\u00bb text_font=\u00bbSpace Grotesk||||||||\u00bb text_font_size=\u00bb16px\u00bb custom_margin=\u00bb0px||||false|false\u00bb custom_padding=\u00bb30px||||false|false\u00bb hover_enabled=\u00bb0&#8243; global_colors_info=\u00bb{}\u00bb theme_builder_area=\u00bbpost_content\u00bb sticky_enabled=\u00bb0&#8243;]<\/p>\n<p style=\"text-align: center;\">Olv\u00eddate de las soluciones temporales y complicadas. Nuestra <span style=\"color: #6ec6ca;\"><strong>plantilla de p\u00e9rdida de peso en Excel<\/strong><\/span> est\u00e1 dise\u00f1ada espec\u00edficamente para ayudarte a <span style=\"color: #6ec6ca;\"><strong>alcanzar tus metas de manera sostenible<\/strong><\/span>, con un enfoque claro, visual y estructurado. Deja atr\u00e1s la frustraci\u00f3n y comienza a tomar el control de tu progreso desde hoy.<\/p>\n<p>[\/et_pb_text][\/et_pb_column][\/et_pb_row][et_pb_row column_structure=\u00bb1_2,1_2&#8243; _builder_version=\u00bb4.24.0&#8243; _module_preset=\u00bbdefault\u00bb hover_enabled=\u00bb0&#8243; global_colors_info=\u00bb{}\u00bb theme_builder_area=\u00bbpost_content\u00bb width=\u00bb100%\u00bb sticky_enabled=\u00bb0&#8243;][et_pb_column type=\u00bb1_2&#8243; _builder_version=\u00bb4.20.0&#8243; _module_preset=\u00bbdefault\u00bb global_colors_info=\u00bb{}\u00bb theme_builder_area=\u00bbpost_content\u00bb][et_pb_blurb title=\u00bbS\u00faper f\u00e1cil de usar\u00bb use_icon=\u00bbon\u00bb font_icon=\u00bb&#xf058;||fa||900&#8243; _builder_version=\u00bb4.24.0&#8243; _module_preset=\u00bbd92fed62-cf88-45cf-9e70-d3f05256c9f6&#8243; locked=\u00bboff\u00bb global_colors_info=\u00bb{}\u00bb theme_builder_area=\u00bbpost_content\u00bb]<\/p>\n<p>Nuestra plantilla est\u00e1 dise\u00f1ada para cualquier persona, sin importar su nivel de experiencia con Excel. Solo tienes que ingresar tus datos, y todo el seguimiento se realiza autom\u00e1ticamente.<\/p>\n<p>[\/et_pb_blurb][et_pb_blurb title=\u00bb100% personalizable\u00bb use_icon=\u00bbon\u00bb font_icon=\u00bb&#xf058;||fa||900&#8243; _builder_version=\u00bb4.24.0&#8243; _module_preset=\u00bbd92fed62-cf88-45cf-9e70-d3f05256c9f6&#8243; locked=\u00bboff\u00bb global_colors_info=\u00bb{}\u00bb theme_builder_area=\u00bbpost_content\u00bb]<\/p>\n<p>Personaliza la plantilla seg\u00fan tus metas de p\u00e9rdida de peso, incluyendo ajustes en calor\u00edas, ejercicio, y m\u00e1s, para que se adapte perfectamente a tu plan.<\/p>\n<p>[\/et_pb_blurb][et_pb_blurb title=\u00bbEficiencia Probada\u00bb use_icon=\u00bbon\u00bb font_icon=\u00bb&#xf058;||fa||900&#8243; _builder_version=\u00bb4.24.0&#8243; _module_preset=\u00bbd92fed62-cf88-45cf-9e70-d3f05256c9f6&#8243; locked=\u00bboff\u00bb global_colors_info=\u00bb{}\u00bb theme_builder_area=\u00bbpost_content\u00bb]<\/p>\n<p>Basada en principios probados de p\u00e9rdida de peso, esta plantilla te ayuda a evitar errores comunes y te gu\u00eda paso a paso hacia el \u00e9xito, sin necesidad de dietas extremas ni programas costosos.<\/p>\n<p>[\/et_pb_blurb][et_pb_blurb title=\u00bbRegistro de Im\u00e1genes para Mantener la Motivaci\u00f3n\u00bb use_icon=\u00bbon\u00bb font_icon=\u00bb&#xf058;||fa||900&#8243; _builder_version=\u00bb4.24.0&#8243; _module_preset=\u00bbd92fed62-cf88-45cf-9e70-d3f05256c9f6&#8243; locked=\u00bboff\u00bb global_colors_info=\u00bb{}\u00bb theme_builder_area=\u00bbpost_content\u00bb]<\/p>\n<p>Sube fotos semanales para visualizar tu transformaci\u00f3n. Ver tu progreso en im\u00e1genes refuerza tu motivaci\u00f3n y te mantiene enfocado en alcanzar tus objetivos de p\u00e9rdida de peso.<\/p>\n<p>[\/et_pb_blurb][\/et_pb_column][et_pb_column type=\u00bb1_2&#8243; _builder_version=\u00bb4.20.0&#8243; _module_preset=\u00bbdefault\u00bb global_colors_info=\u00bb{}\u00bb theme_builder_area=\u00bbpost_content\u00bb][et_pb_blurb title=\u00bbSeguimiento Visual del Progreso\u00bb use_icon=\u00bbon\u00bb font_icon=\u00bb&#xf058;||fa||900&#8243; _builder_version=\u00bb4.24.0&#8243; _module_preset=\u00bbd92fed62-cf88-45cf-9e70-d3f05256c9f6&#8243; locked=\u00bboff\u00bb global_colors_info=\u00bb{}\u00bb theme_builder_area=\u00bbpost_content\u00bb]<\/p>\n<p>Gr\u00e1ficos y tablas integradas que te permiten ver tu progreso de p\u00e9rdida de peso de forma clara y motivadora, d\u00e1ndote una visi\u00f3n completa de tus avances.<\/p>\n<p>[\/et_pb_blurb][et_pb_blurb title=\u00bbPlanificaci\u00f3n de Comidas y Ejercicios\u00bb use_icon=\u00bbon\u00bb font_icon=\u00bb&#xf058;||fa||900&#8243; _builder_version=\u00bb4.24.0&#8243; _module_preset=\u00bbd92fed62-cf88-45cf-9e70-d3f05256c9f6&#8243; locked=\u00bboff\u00bb global_colors_info=\u00bb{}\u00bb theme_builder_area=\u00bbpost_content\u00bb]<\/p>\n<p>Incluye secciones para planificar tus comidas y rutinas de ejercicio, ayud\u00e1ndote a mantenerte organizado y enfocado en lograr resultados sostenibles.<\/p>\n<p>[\/et_pb_blurb][et_pb_blurb title=\u00bbRegistro de H\u00e1bitos Moderno y Motivador\u00bb use_icon=\u00bbon\u00bb font_icon=\u00bb&#xf058;||fa||900&#8243; _builder_version=\u00bb4.24.0&#8243; _module_preset=\u00bbd92fed62-cf88-45cf-9e70-d3f05256c9f6&#8243; locked=\u00bboff\u00bb global_colors_info=\u00bb{}\u00bb theme_builder_area=\u00bbpost_content\u00bb]<\/p>\n<p>Mantente enfocado con un sistema de seguimiento de h\u00e1bitos que te ayuda a establecer y reforzar h\u00e1bitos saludables. Cada d\u00eda que cumples con tus metas te motiva a seguir adelante, haci\u00e9ndote sentir progresos tangibles.<\/p>\n<p>[\/et_pb_blurb][et_pb_blurb title=\u00bbDise\u00f1o Moderno y Atractivo\u00bb use_icon=\u00bbon\u00bb font_icon=\u00bb&#xf058;||fa||900&#8243; _builder_version=\u00bb4.24.0&#8243; _module_preset=\u00bbd92fed62-cf88-45cf-9e70-d3f05256c9f6&#8243; locked=\u00bboff\u00bb global_colors_info=\u00bb{}\u00bb theme_builder_area=\u00bbpost_content\u00bb]<\/p>\n<p>Nuestra plantilla tiene un dise\u00f1o limpio y moderno, que no solo es funcional, sino tambi\u00e9n visualmente atractivo. Esto te hace disfrutar del proceso y te mantiene organizado sin abrumarte con informaci\u00f3n.<\/p>\n<p>[\/et_pb_blurb][\/et_pb_column][\/et_pb_row][\/et_pb_section]<\/p>\n","protected":false},"excerpt":{"rendered":"<p>Lleva un seguimiento completo de tu actividad f\u00edsica y p\u00e9rdida de peso con esta plantilla f\u00e1cil de usar. Registra tus entrenamientos, peso y progreso en gr\u00e1ficos personalizados para alcanzar tus metas de salud de manera organizada y motivadora.<\/p>\n","protected":false},"featured_media":742,"comment_status":"open","ping_status":"closed","template":"","meta":{"_et_pb_use_builder":"on","_et_pb_old_content":"","_et_gb_content_width":""},"product_brand":[],"product_cat":[29,27],"product_tag":[24,25],"class_list":{"0":"post-755","1":"product","2":"type-product","3":"status-publish","4":"has-post-thumbnail","6":"product_cat-perdida-de-peso","7":"product_cat-productividad","8":"product_tag-plantillas","9":"product_tag-productividad","11":"first","12":"instock","13":"sale","14":"downloadable","15":"purchasable","16":"product-type-simple"},"_links":{"self":[{"href":"https:\/\/plantillapro.com\/index.php\/wp-json\/wp\/v2\/product\/755","targetHints":{"allow":["GET"]}}],"collection":[{"href":"https:\/\/plantillapro.com\/index.php\/wp-json\/wp\/v2\/product"}],"about":[{"href":"https:\/\/plantillapro.com\/index.php\/wp-json\/wp\/v2\/types\/product"}],"replies":[{"embeddable":true,"href":"https:\/\/plantillapro.com\/index.php\/wp-json\/wp\/v2\/comments?post=755"}],"wp:featuredmedia":[{"embeddable":true,"href":"https:\/\/plantillapro.com\/index.php\/wp-json\/wp\/v2\/media\/742"}],"wp:attachment":[{"href":"https:\/\/plantillapro.com\/index.php\/wp-json\/wp\/v2\/media?parent=755"}],"wp:term":[{"taxonomy":"product_brand","embeddable":true,"href":"https:\/\/plantillapro.com\/index.php\/wp-json\/wp\/v2\/product_brand?post=755"},{"taxonomy":"product_cat","embeddable":true,"href":"https:\/\/plantillapro.com\/index.php\/wp-json\/wp\/v2\/product_cat?post=755"},{"taxonomy":"product_tag","embeddable":true,"href":"https:\/\/plantillapro.com\/index.php\/wp-json\/wp\/v2\/product_tag?post=755"}],"curies":[{"name":"wp","href":"https:\/\/api.w.org\/{rel}","templated":true}]}}